{"id":1368,"date":"2021-03-03T15:30:17","date_gmt":"2021-03-03T15:30:17","guid":{"rendered":"https:\/\/rallyestacioservei.com\/carburants\/"},"modified":"2021-03-19T07:11:27","modified_gmt":"2021-03-19T07:11:27","slug":"carburants","status":"publish","type":"page","link":"https:\/\/rallyestacioservei.com\/ca\/carburants\/","title":{"rendered":"Carburants"},"content":{"rendered":"<p>Previous<br \/>\n\t\t\t\t\t\t\tNext<br \/>\n\t\t\t\t\t\t\t\t\t\t\t<a href=\"https:\/\/www.repsol.es\/es\/productos-y-servicios\/estaciones-de-servicio\/productos\/tipos-carburantes\/diferencias-95-98\/index.cshtml?utm_campaign=repsoles_202103_corp&#038;utm_source=twitter&#038;utm_medium=social\" target=\"_blank\" rel=\"noopener\"><br \/>\n\t\t\t\t\t\t\t<img loading=\"lazy\" decoding=\"async\" width=\"513\" height=\"212\" src=\"https:\/\/rallyestacioservei.com\/wp-content\/uploads\/2021\/03\/tweet.png\" alt=\"\" loading=\"lazy\" srcset=\"https:\/\/rallyestacioservei.com\/wp-content\/uploads\/2021\/03\/tweet.png 513w, https:\/\/rallyestacioservei.com\/wp-content\/uploads\/2021\/03\/tweet-300x124.png 300w\" sizes=\"auto, (max-width: 513px) 100vw, 513px\" \/>\t\t\t\t\t\t\t\t<\/a><br \/>\n\t\t\t<a href=\"https:\/\/www.repsol.es\/es\/productos-y-servicios\/estaciones-de-servicio\/productos\/tipos-carburantes\/diferencias-95-98\/index.cshtml?utm_campaign=repsoles_202103_corp&#038;utm_source=twitter&#038;utm_medium=social\" target=\"_blank\" role=\"button\" rel=\"noopener\"><br \/>\n\t\t\t\t\t\tPost Repsol<br \/>\n\t\t\t\t\t<\/a><br \/>\n\t\t\t\t\t\t\t\t\t\t<img loading=\"lazy\" decoding=\"async\" width=\"562\" height=\"424\" src=\"https:\/\/rallyestacioservei.com\/wp-content\/uploads\/2021\/02\/efitec.jpg\" alt=\"\" loading=\"lazy\" srcset=\"https:\/\/rallyestacioservei.com\/wp-content\/uploads\/2021\/02\/efitec.jpg 562w, https:\/\/rallyestacioservei.com\/wp-content\/uploads\/2021\/02\/efitec-300x226.jpg 300w\" sizes=\"auto, (max-width: 562px) 100vw, 562px\" \/>\t\t\t\t\t\t\t\t\t\t\t<\/p>\n<h2>Repsol amb Neotech<\/h2>\n<p>En les estacions de servei Rally comptem amb les noves gasolines Respol Efitec 95 Neotech i Repsol Efitec 98 Neotech. Amb una nova formulaci\u00f3 exclusiva dels carburants Repsol que garanteixen:<\/p>\n<ul>\n<li>M\u00e0xima qualitat i autenticitat gr\u00e0cies als seus tra\u00e7adors exclusius.<\/li>\n<li>Excel\u00b7lent cura del motor.<\/li>\n<li>I que prolonguen les prestacions d\u2019estrena del vehicle, amb un m\u00ednim consum.<\/li>\n<\/ul>\n<p>\t\t\t\t\t\t\t\t\t\t<img decoding=\"async\" src=\"https:\/\/rallyestacioservei.com\/wp-content\/uploads\/elementor\/thumbs\/neotech-p3fb5w24d1qtgy9girrfxv4b1qr168ubyio2sm5reo.jpg\" title=\"neotech\" alt=\"neotech\" \/>\t\t\t\t\t\t\t\t\t\t\t<\/p>\n<h2>Diesel e+ i diesel e+10<\/h2>\n<p>En les estacions de servei Rally comptem amb els nous Diesel e+ Neotech i Diesel e+10 Neotech, un gasoil amb un control de qualitat i una f\u00f3rmula de 3a generaci\u00f3 patentada per Repsol.<\/p>\n<ul>\n<li>M\u00e0xima cura del motor.<\/li>\n<li>M\u00e0xima protecci\u00f3 del sistema d\u2019alimentaci\u00f3 i injecci\u00f3 del motor.<\/li>\n<li>Prove\u00efment m\u00e9s r\u00e0pid, complet i net.<\/li>\n<\/ul>\n<p>\t\t\t\t\t\t\t\t\t\t<img decoding=\"async\" src=\"https:\/\/rallyestacioservei.com\/wp-content\/uploads\/elementor\/thumbs\/neotech-p3fb5w24d1qtgy9girrfxv4b1qr168ubyio2sm5reo.jpg\" title=\"neotech\" alt=\"neotech\" \/><br \/>\n\t\t\t\t\t\t\t\t\t\t<img loading=\"lazy\" decoding=\"async\" width=\"510\" height=\"340\" src=\"https:\/\/rallyestacioservei.com\/wp-content\/uploads\/2021\/02\/diesel-510x340-1.png\" alt=\"\" loading=\"lazy\" srcset=\"https:\/\/rallyestacioservei.com\/wp-content\/uploads\/2021\/02\/diesel-510x340-1.png 510w, https:\/\/rallyestacioservei.com\/wp-content\/uploads\/2021\/02\/diesel-510x340-1-300x200.png 300w\" sizes=\"auto, (max-width: 510px) 100vw, 510px\" \/><br \/>\n\t\t\t\t\t\t\t\t\t\t<img decoding=\"async\" src=\"https:\/\/rallyestacioservei.com\/wp-content\/uploads\/elementor\/thumbs\/gasoleo-B-Rally-p2wjz56rflndo9u70l08tn21vau2d3qdq1bpa5a0w0.jpg\" title=\"gasoleo-B-Rally\" alt=\"gasoleo-B-Rally\" \/>\t\t\t\t\t\t\t\t\t\t\t<\/p>\n<h2>Gasoil B<\/h2>\n<p>Existeixen en el mercat tres tipus de gasoil A, B i C amb utilitats diferents cada un d&#8217;ells i l&#8217;\u00fas est\u00e0 regulat per la lley.<br \/><strong>Gasoil B<\/strong>: El <strong>B<\/strong> \u00e9s el gasoil de color vermell. \u00c9s el gasoil que s&#8217;utilitza per maquin\u00e0ria agricola, pesquera, embarcacions i veh\u00edcles autoritzats. <br \/>Segons la normativa vigent podran <strong>comprar gasoil B<\/strong> els detallistes, consumidors i finals i magatzems fiscals. A m\u00e9s, en tots els casos ser\u00e0 necessari portar un registre territorial mitjan\u00e7ant mitjans de pagament autoritzats per poder efectuar l&#8217;adquisici\u00f3.<\/p>\n<h2>Repsol Blue<\/h2>\n<p>Blue+ \u00e9s una soluci\u00f3 neta i no t\u00f2xica que fa que els \u00edndex i les emissions del motor siguin menors.<\/p>\n<p>Blue+ s\u2019utilitza en el sistema de control de contaminaci\u00f3 instal\u00b7lat a l\u2019escapament dels vehicles que conten amb la tecnologia SCR (Reducci\u00f3 Catal\u00edtica Selectiva).<\/p>\n<p>\t\t\t\t\t\t\t\t\t\t<img loading=\"lazy\" decoding=\"async\" width=\"1020\" height=\"345\" src=\"https:\/\/rallyestacioservei.com\/wp-content\/uploads\/2021\/02\/repsol_blue.jpg\" alt=\"\" loading=\"lazy\" srcset=\"https:\/\/rallyestacioservei.com\/wp-content\/uploads\/2021\/02\/repsol_blue.jpg 1020w, https:\/\/rallyestacioservei.com\/wp-content\/uploads\/2021\/02\/repsol_blue-300x101.jpg 300w, https:\/\/rallyestacioservei.com\/wp-content\/uploads\/2021\/02\/repsol_blue-768x260.jpg 768w\" sizes=\"auto, (max-width: 1020px) 100vw, 1020px\" \/><br \/>\n\t\t\t\t\t\t\t\t\t\t<img loading=\"lazy\" decoding=\"async\" width=\"840\" height=\"472\" src=\"https:\/\/rallyestacioservei.com\/wp-content\/uploads\/2021\/02\/gasolina-sin-plomo.jpg\" alt=\"\" loading=\"lazy\" srcset=\"https:\/\/rallyestacioservei.com\/wp-content\/uploads\/2021\/02\/gasolina-sin-plomo.jpg 840w, https:\/\/rallyestacioservei.com\/wp-content\/uploads\/2021\/02\/gasolina-sin-plomo-300x169.jpg 300w, https:\/\/rallyestacioservei.com\/wp-content\/uploads\/2021\/02\/gasolina-sin-plomo-768x432.jpg 768w\" sizes=\"auto, (max-width: 840px) 100vw, 840px\" \/>\t\t\t\t\t\t\t\t\t\t\t<\/p>\n<h2>Carburants BP sense plom amb tecnologia Active<\/h2>\n<p>Els carburants BP lluiten contra la brut\u00edcia del motor, evitant el menor rendiment del vehicle, danys del motor i estalvi en el consum.<\/p>\n<p>\t\t\t\t\t\t\t\t\t\t<img decoding=\"async\" src=\"https:\/\/rallyestacioservei.com\/wp-content\/uploads\/elementor\/thumbs\/active_logo-p3fb7vhusgglzbdoxmn37d3c70yxf8pxkc8z9n7u9s.png\" title=\"active_logo\" alt=\"active_logo\" \/>\t\t\t\t\t\t\t\t\t\t\t<\/p>\n<h2>Diesel BP amb tecnologia Active<\/h2>\n<p>Els carburants BP lluiten contra la brut\u00edcia del motor, evitant el menor rendiment del vehicle, danys del motor i estalvi en el consum.<\/p>\n<p>\t\t\t\t\t\t\t\t\t\t<img decoding=\"async\" src=\"https:\/\/rallyestacioservei.com\/wp-content\/uploads\/elementor\/thumbs\/active_logo-p3fb7vhusgglzbdoxmn37d3c70yxf8pxkc8z9n7u9s.png\" title=\"active_logo\" alt=\"active_logo\" \/><br \/>\n\t\t\t\t\t\t\t\t\t\t<img loading=\"lazy\" decoding=\"async\" width=\"840\" height=\"472\" src=\"https:\/\/rallyestacioservei.com\/wp-content\/uploads\/2021\/02\/diesel.jpg\" alt=\"\" loading=\"lazy\" srcset=\"https:\/\/rallyestacioservei.com\/wp-content\/uploads\/2021\/02\/diesel.jpg 840w, https:\/\/rallyestacioservei.com\/wp-content\/uploads\/2021\/02\/diesel-300x169.jpg 300w, https:\/\/rallyestacioservei.com\/wp-content\/uploads\/2021\/02\/diesel-768x432.jpg 768w\" sizes=\"auto, (max-width: 840px) 100vw, 840px\" \/><\/p>\n","protected":false},"excerpt":{"rendered":"<p>Previous Next Post Repsol Repsol amb Neotech En les estacions de servei Rally comptem amb les noves gasolines Respol Efitec 95 Neotech i Repsol Efitec 98 Neotech. Amb una nova formulaci\u00f3 exclusiva dels carburants Repsol que garanteixen: M\u00e0xima qualitat i autenticitat gr\u00e0cies als seus tra\u00e7adors exclusius. Excel\u00b7lent cura del motor. I que prolonguen les prestacions &#8230; <a title=\"Carburants\" class=\"read-more\" href=\"https:\/\/rallyestacioservei.com\/ca\/carburants\/\" aria-label=\"M\u00e9s informaci\u00f3 sobre Carburants\">Llegiu m\u00e9s<\/a><\/p>\n","protected":false},"author":1,"featured_media":0,"parent":0,"menu_order":0,"comment_status":"closed","ping_status":"closed","template":"","meta":{"_monsterinsights_skip_tracking":false,"_monsterinsights_sitenote_active":false,"_monsterinsights_sitenote_note":"","_monsterinsights_sitenote_category":0,"footnotes":""},"class_list":["post-1368","page","type-page","status-publish"],"yoast_head":"<!-- This site is optimized with the Yoast SEO plugin v26.5 - https:\/\/yoast.com\/wordpress\/plugins\/seo\/ -->\n<title>Carburants - Rally<\/title>\n<meta name=\"description\" content=\"Els nous carburants Repsol compten amb la nova tecnologia de Neotech exclusiva dels carburants Repsol\" \/>\n<meta name=\"robots\" content=\"index, follow, max-snippet:-1, max-image-preview:large, max-video-preview:-1\" \/>\n<link rel=\"canonical\" href=\"https:\/\/rallyestacioservei.com\/ca\/carburants\/\" \/>\n<meta property=\"og:locale\" content=\"ca_ES\" \/>\n<meta property=\"og:type\" content=\"article\" \/>\n<meta property=\"og:title\" content=\"Carburants - Rally\" \/>\n<meta property=\"og:description\" content=\"Els nous carburants Repsol compten amb la nova tecnologia de Neotech exclusiva dels carburants Repsol\" \/>\n<meta property=\"og:url\" content=\"https:\/\/rallyestacioservei.com\/ca\/carburants\/\" \/>\n<meta property=\"og:site_name\" content=\"Rally\" \/>\n<meta property=\"article:modified_time\" content=\"2021-03-19T07:11:27+00:00\" \/>\n<meta property=\"og:image\" content=\"https:\/\/rallyestacioservei.com\/wp-content\/uploads\/2021\/03\/tweet.png\" \/>\n<meta name=\"twitter:card\" content=\"summary_large_image\" \/>\n<meta name=\"twitter:label1\" content=\"Temps estimat de lectura\" \/>\n\t<meta name=\"twitter:data1\" content=\"2 minuts\" \/>\n<script type=\"application\/ld+json\" class=\"yoast-schema-graph\">{\"@context\":\"https:\/\/schema.org\",\"@graph\":[{\"@type\":\"WebPage\",\"@id\":\"https:\/\/rallyestacioservei.com\/ca\/carburants\/\",\"url\":\"https:\/\/rallyestacioservei.com\/ca\/carburants\/\",\"name\":\"Carburants - Rally\",\"isPartOf\":{\"@id\":\"https:\/\/rallyestacioservei.com\/#website\"},\"primaryImageOfPage\":{\"@id\":\"https:\/\/rallyestacioservei.com\/ca\/carburants\/#primaryimage\"},\"image\":{\"@id\":\"https:\/\/rallyestacioservei.com\/ca\/carburants\/#primaryimage\"},\"thumbnailUrl\":\"https:\/\/rallyestacioservei.com\/wp-content\/uploads\/2021\/03\/tweet.png\",\"datePublished\":\"2021-03-03T15:30:17+00:00\",\"dateModified\":\"2021-03-19T07:11:27+00:00\",\"description\":\"Els nous carburants Repsol compten amb la nova tecnologia de Neotech exclusiva dels carburants Repsol\",\"breadcrumb\":{\"@id\":\"https:\/\/rallyestacioservei.com\/ca\/carburants\/#breadcrumb\"},\"inLanguage\":\"ca\",\"potentialAction\":[{\"@type\":\"ReadAction\",\"target\":[\"https:\/\/rallyestacioservei.com\/ca\/carburants\/\"]}]},{\"@type\":\"ImageObject\",\"inLanguage\":\"ca\",\"@id\":\"https:\/\/rallyestacioservei.com\/ca\/carburants\/#primaryimage\",\"url\":\"https:\/\/rallyestacioservei.com\/wp-content\/uploads\/2021\/03\/tweet.png\",\"contentUrl\":\"https:\/\/rallyestacioservei.com\/wp-content\/uploads\/2021\/03\/tweet.png\"},{\"@type\":\"BreadcrumbList\",\"@id\":\"https:\/\/rallyestacioservei.com\/ca\/carburants\/#breadcrumb\",\"itemListElement\":[{\"@type\":\"ListItem\",\"position\":1,\"name\":\"Portada\",\"item\":\"https:\/\/rallyestacioservei.com\/\"},{\"@type\":\"ListItem\",\"position\":2,\"name\":\"Carburants\"}]},{\"@type\":\"WebSite\",\"@id\":\"https:\/\/rallyestacioservei.com\/#website\",\"url\":\"https:\/\/rallyestacioservei.com\/\",\"name\":\"Rally\",\"description\":\"Rally Estaci\u00f3 de servei\",\"publisher\":{\"@id\":\"https:\/\/rallyestacioservei.com\/#organization\"},\"potentialAction\":[{\"@type\":\"SearchAction\",\"target\":{\"@type\":\"EntryPoint\",\"urlTemplate\":\"https:\/\/rallyestacioservei.com\/?s={search_term_string}\"},\"query-input\":{\"@type\":\"PropertyValueSpecification\",\"valueRequired\":true,\"valueName\":\"search_term_string\"}}],\"inLanguage\":\"ca\"},{\"@type\":\"Organization\",\"@id\":\"https:\/\/rallyestacioservei.com\/#organization\",\"name\":\"Rally\",\"url\":\"https:\/\/rallyestacioservei.com\/\",\"logo\":{\"@type\":\"ImageObject\",\"inLanguage\":\"ca\",\"@id\":\"https:\/\/rallyestacioservei.com\/#\/schema\/logo\/image\/\",\"url\":\"https:\/\/rallyestacioservei.com\/wp-content\/uploads\/2021\/03\/logoRALLY-.png\",\"contentUrl\":\"https:\/\/rallyestacioservei.com\/wp-content\/uploads\/2021\/03\/logoRALLY-.png\",\"width\":800,\"height\":240,\"caption\":\"Rally\"},\"image\":{\"@id\":\"https:\/\/rallyestacioservei.com\/#\/schema\/logo\/image\/\"}}]}<\/script>\n<!-- \/ Yoast SEO plugin. -->","yoast_head_json":{"title":"Carburants - Rally","description":"Els nous carburants Repsol compten amb la nova tecnologia de Neotech exclusiva dels carburants Repsol","robots":{"index":"index","follow":"follow","max-snippet":"max-snippet:-1","max-image-preview":"max-image-preview:large","max-video-preview":"max-video-preview:-1"},"canonical":"https:\/\/rallyestacioservei.com\/ca\/carburants\/","og_locale":"ca_ES","og_type":"article","og_title":"Carburants - Rally","og_description":"Els nous carburants Repsol compten amb la nova tecnologia de Neotech exclusiva dels carburants Repsol","og_url":"https:\/\/rallyestacioservei.com\/ca\/carburants\/","og_site_name":"Rally","article_modified_time":"2021-03-19T07:11:27+00:00","og_image":[{"url":"https:\/\/rallyestacioservei.com\/wp-content\/uploads\/2021\/03\/tweet.png","type":"","width":"","height":""}],"twitter_card":"summary_large_image","twitter_misc":{"Temps estimat de lectura":"2 minuts"},"schema":{"@context":"https:\/\/schema.org","@graph":[{"@type":"WebPage","@id":"https:\/\/rallyestacioservei.com\/ca\/carburants\/","url":"https:\/\/rallyestacioservei.com\/ca\/carburants\/","name":"Carburants - Rally","isPartOf":{"@id":"https:\/\/rallyestacioservei.com\/#website"},"primaryImageOfPage":{"@id":"https:\/\/rallyestacioservei.com\/ca\/carburants\/#primaryimage"},"image":{"@id":"https:\/\/rallyestacioservei.com\/ca\/carburants\/#primaryimage"},"thumbnailUrl":"https:\/\/rallyestacioservei.com\/wp-content\/uploads\/2021\/03\/tweet.png","datePublished":"2021-03-03T15:30:17+00:00","dateModified":"2021-03-19T07:11:27+00:00","description":"Els nous carburants Repsol compten amb la nova tecnologia de Neotech exclusiva dels carburants Repsol","breadcrumb":{"@id":"https:\/\/rallyestacioservei.com\/ca\/carburants\/#breadcrumb"},"inLanguage":"ca","potentialAction":[{"@type":"ReadAction","target":["https:\/\/rallyestacioservei.com\/ca\/carburants\/"]}]},{"@type":"ImageObject","inLanguage":"ca","@id":"https:\/\/rallyestacioservei.com\/ca\/carburants\/#primaryimage","url":"https:\/\/rallyestacioservei.com\/wp-content\/uploads\/2021\/03\/tweet.png","contentUrl":"https:\/\/rallyestacioservei.com\/wp-content\/uploads\/2021\/03\/tweet.png"},{"@type":"BreadcrumbList","@id":"https:\/\/rallyestacioservei.com\/ca\/carburants\/#breadcrumb","itemListElement":[{"@type":"ListItem","position":1,"name":"Portada","item":"https:\/\/rallyestacioservei.com\/"},{"@type":"ListItem","position":2,"name":"Carburants"}]},{"@type":"WebSite","@id":"https:\/\/rallyestacioservei.com\/#website","url":"https:\/\/rallyestacioservei.com\/","name":"Rally","description":"Rally Estaci\u00f3 de servei","publisher":{"@id":"https:\/\/rallyestacioservei.com\/#organization"},"potentialAction":[{"@type":"SearchAction","target":{"@type":"EntryPoint","urlTemplate":"https:\/\/rallyestacioservei.com\/?s={search_term_string}"},"query-input":{"@type":"PropertyValueSpecification","valueRequired":true,"valueName":"search_term_string"}}],"inLanguage":"ca"},{"@type":"Organization","@id":"https:\/\/rallyestacioservei.com\/#organization","name":"Rally","url":"https:\/\/rallyestacioservei.com\/","logo":{"@type":"ImageObject","inLanguage":"ca","@id":"https:\/\/rallyestacioservei.com\/#\/schema\/logo\/image\/","url":"https:\/\/rallyestacioservei.com\/wp-content\/uploads\/2021\/03\/logoRALLY-.png","contentUrl":"https:\/\/rallyestacioservei.com\/wp-content\/uploads\/2021\/03\/logoRALLY-.png","width":800,"height":240,"caption":"Rally"},"image":{"@id":"https:\/\/rallyestacioservei.com\/#\/schema\/logo\/image\/"}}]}},"_links":{"self":[{"href":"https:\/\/rallyestacioservei.com\/ca\/wp-json\/wp\/v2\/pages\/1368","targetHints":{"allow":["GET"]}}],"collection":[{"href":"https:\/\/rallyestacioservei.com\/ca\/wp-json\/wp\/v2\/pages"}],"about":[{"href":"https:\/\/rallyestacioservei.com\/ca\/wp-json\/wp\/v2\/types\/page"}],"author":[{"embeddable":true,"href":"https:\/\/rallyestacioservei.com\/ca\/wp-json\/wp\/v2\/users\/1"}],"replies":[{"embeddable":true,"href":"https:\/\/rallyestacioservei.com\/ca\/wp-json\/wp\/v2\/comments?post=1368"}],"version-history":[{"count":7,"href":"https:\/\/rallyestacioservei.com\/ca\/wp-json\/wp\/v2\/pages\/1368\/revisions"}],"predecessor-version":[{"id":1600,"href":"https:\/\/rallyestacioservei.com\/ca\/wp-json\/wp\/v2\/pages\/1368\/revisions\/1600"}],"wp:attachment":[{"href":"https:\/\/rallyestacioservei.com\/ca\/wp-json\/wp\/v2\/media?parent=1368"}],"curies":[{"name":"wp","href":"https:\/\/api.w.org\/{rel}","templated":true}]}}